{"id":2,"date":"2026-04-07T14:00:22","date_gmt":"2026-04-07T14:00:22","guid":{"rendered":"https:\/\/lou-anne.billy.icca-reims.fr\/?page_id=2"},"modified":"2026-04-15T11:40:26","modified_gmt":"2026-04-15T11:40:26","slug":"sample-page","status":"publish","type":"page","link":"https:\/\/lou-anne.billy.icca-reims.fr\/","title":{"rendered":"PROTRACK"},"content":{"rendered":"\n<div class=\"wp-block-uagb-image aligncenter uagb-block-8e3b5391 wp-block-uagb-image--layout-default wp-block-uagb-image--effect-zoomin wp-block-uagb-image--align-center\"><figure class=\"wp-block-uagb-image__figure\"><img decoding=\"async\" srcset=\"https:\/\/lou-anne.billy.icca-reims.fr\/wp-content\/uploads\/2026\/04\/protrack-ecole-pilotage-moto-360\u00b0-logo-300x160.webp ,https:\/\/lou-anne.billy.icca-reims.fr\/wp-content\/uploads\/2026\/04\/protrack-ecole-pilotage-moto-360\u00b0-logo.webp 780w, https:\/\/lou-anne.billy.icca-reims.fr\/wp-content\/uploads\/2026\/04\/protrack-ecole-pilotage-moto-360\u00b0-logo.webp 360w\" sizes=\"auto, (max-width: 480px) 150px\" src=\"https:\/\/lou-anne.billy.icca-reims.fr\/wp-content\/uploads\/2026\/04\/protrack-ecole-pilotage-moto-360\u00b0-logo-300x160.webp\" alt=\"\" class=\"uag-image-12\" width=\"158\" height=\"84\" title=\"protrack-ecole-pilotage-moto-360\u00b0-logo\" loading=\"lazy\" role=\"img\"\/><\/figure><\/div>\n\n\n\n<div class=\"wp-block-uagb-image alignfull uagb-block-4e68a656 wp-block-uagb-image--layout-default wp-block-uagb-image--effect-static wp-block-uagb-image--align-full\"><figure class=\"wp-block-uagb-image__figure\"><img loading=\"lazy\" decoding=\"async\" srcset=\"https:\/\/lou-anne.billy.icca-reims.fr\/wp-content\/uploads\/2026\/04\/protrack-motos-course-ewc-championnat-paul-ricard-edited.webp ,https:\/\/lou-anne.billy.icca-reims.fr\/wp-content\/uploads\/2026\/04\/protrack-motos-course-ewc-championnat-paul-ricard.webp 780w, https:\/\/lou-anne.billy.icca-reims.fr\/wp-content\/uploads\/2026\/04\/protrack-motos-course-ewc-championnat-paul-ricard.webp 360w\" sizes=\"auto, (max-width: 480px) 150px\" src=\"https:\/\/lou-anne.billy.icca-reims.fr\/wp-content\/uploads\/2026\/04\/protrack-motos-course-ewc-championnat-paul-ricard-edited.webp\" alt=\"\" class=\"uag-image-14\" width=\"2450\" height=\"1960\" title=\"protrack-motos-course-ewc-championnat-paul-ricard\" role=\"img\"\/><\/figure><\/div>\n\n\n\n<div class=\"wp-block-uagb-advanced-heading uagb-block-19205027\"><h1 class=\"uagb-heading-text\"><strong>PROTRACK<\/strong><\/h1><\/div>\n\n\n\n<div class=\"wp-block-uagb-advanced-heading uagb-block-d9e8813a\"><h2 class=\"uagb-heading-text\"><em>\u00c9cole de pilotage moto 360\u00b0<\/em><\/h2><\/div>\n\n\n\n<p>This is an example page. It&rsquo;s different from a blog post because it will stay in one place and will show up in your site navigation (in most themes). Most people start with an About page that introduces them to potential site visitors. It might say something like this:<\/p>\n\n\n\n<blockquote class=\"wp-block-quote is-layout-flow wp-block-quote-is-layout-flow\">\n<p>Hi there! I&rsquo;m a bike messenger by day, aspiring actor by night, and this is my website. I live in Los Angeles, have a great dog named Jack, and I like pi\u00f1a coladas. (And gettin&rsquo; caught in the rain.)<\/p>\n<\/blockquote>\n\n\n\n<p>&#8230;or something like this:<\/p>\n\n\n\n<blockquote class=\"wp-block-quote is-layout-flow wp-block-quote-is-layout-flow\">\n<p>The XYZ Doohickey Company was founded in 1971, and has been providing quality doohickeys to the public ever since. Located in Gotham City, XYZ employs over 2,000 people and does all kinds of awesome things for the Gotham community.<\/p>\n<\/blockquote>\n\n\n\n<p>As a new WordPress user, you should go to <a href=\"https:\/\/lou-anne.billy.icca-reims.fr\/wp-admin\/\">your dashboard<\/a> to delete this page and create new pages for your content. Have fun!<\/p>\n\n\n\n<p><\/p>\n","protected":false},"excerpt":{"rendered":"<p>PROTRACK \u00c9cole de pilotage moto 360\u00b0 This is an example page. It&rsquo;s different from a blog post because it will stay in one place and will show up in your site navigation (in most themes). Most people start with an About page that introduces them to potential site visitors. It might say something like this: [&hellip;]<\/p>\n","protected":false},"author":1,"featured_media":12,"parent":0,"menu_order":0,"comment_status":"closed","ping_status":"closed","template":"","meta":{"_uag_custom_page_level_css":"","footnotes":""},"class_list":["post-2","page","type-page","status-publish","has-post-thumbnail","hentry"],"yoast_head":"<!-- This site is optimized with the Yoast SEO plugin v27.4 - https:\/\/yoast.com\/product\/yoast-seo-wordpress\/ -->\n<title>PROTRACK - R\u00eaves de vacances<\/title>\n<meta name=\"description\" content=\"\u00c9cole de pilotage moto nouvelle g\u00e9n\u00e9ration, PROTRACK propose un accompagnement complet : technique, physique, mental et acc\u00e8s \u00e0 la comp\u00e9tition.\" \/>\n<meta name=\"robots\" content=\"index, follow, max-snippet:-1, max-image-preview:large, max-video-preview:-1\" \/>\n<link rel=\"canonical\" href=\"https:\/\/lou-anne.billy.icca-reims.fr\/\" \/>\n<meta property=\"og:locale\" content=\"fr_FR\" \/>\n<meta property=\"og:type\" content=\"article\" \/>\n<meta property=\"og:title\" content=\"PROTRACK - R\u00eaves de vacances\" \/>\n<meta property=\"og:description\" content=\"\u00c9cole de pilotage moto nouvelle g\u00e9n\u00e9ration, PROTRACK propose un accompagnement complet : technique, physique, mental et acc\u00e8s \u00e0 la comp\u00e9tition.\" \/>\n<meta property=\"og:url\" content=\"https:\/\/lou-anne.billy.icca-reims.fr\/\" \/>\n<meta property=\"og:site_name\" content=\"R\u00eaves de vacances\" \/>\n<meta property=\"article:modified_time\" content=\"2026-04-15T11:40:26+00:00\" \/>\n<meta property=\"og:image\" content=\"https:\/\/lou-anne.billy.icca-reims.fr\/wp-content\/uploads\/2026\/04\/protrack-ecole-pilotage-moto-360\u00b0-logo.webp\" \/>\n\t<meta property=\"og:image:width\" content=\"1182\" \/>\n\t<meta property=\"og:image:height\" content=\"631\" \/>\n\t<meta property=\"og:image:type\" content=\"image\/webp\" \/>\n<meta name=\"twitter:card\" content=\"summary_large_image\" \/>\n<meta name=\"twitter:label1\" content=\"Dur\u00e9e de lecture estim\u00e9e\" \/>\n\t<meta name=\"twitter:data1\" content=\"2 minutes\" \/>\n<script type=\"application\/ld+json\" class=\"yoast-schema-graph\">{\"@context\":\"https:\\\/\\\/schema.org\",\"@graph\":[{\"@type\":\"WebPage\",\"@id\":\"https:\\\/\\\/lou-anne.billy.icca-reims.fr\\\/\",\"url\":\"https:\\\/\\\/lou-anne.billy.icca-reims.fr\\\/\",\"name\":\"PROTRACK - R\u00eaves de vacances\",\"isPartOf\":{\"@id\":\"https:\\\/\\\/lou-anne.billy.icca-reims.fr\\\/#website\"},\"primaryImageOfPage\":{\"@id\":\"https:\\\/\\\/lou-anne.billy.icca-reims.fr\\\/#primaryimage\"},\"image\":{\"@id\":\"https:\\\/\\\/lou-anne.billy.icca-reims.fr\\\/#primaryimage\"},\"thumbnailUrl\":\"https:\\\/\\\/lou-anne.billy.icca-reims.fr\\\/wp-content\\\/uploads\\\/2026\\\/04\\\/protrack-ecole-pilotage-moto-360\u00b0-logo.webp\",\"datePublished\":\"2026-04-07T14:00:22+00:00\",\"dateModified\":\"2026-04-15T11:40:26+00:00\",\"description\":\"\u00c9cole de pilotage moto nouvelle g\u00e9n\u00e9ration, PROTRACK propose un accompagnement complet : technique, physique, mental et acc\u00e8s \u00e0 la comp\u00e9tition.\",\"breadcrumb\":{\"@id\":\"https:\\\/\\\/lou-anne.billy.icca-reims.fr\\\/#breadcrumb\"},\"inLanguage\":\"fr-FR\",\"potentialAction\":[{\"@type\":\"ReadAction\",\"target\":[\"https:\\\/\\\/lou-anne.billy.icca-reims.fr\\\/\"]}]},{\"@type\":\"ImageObject\",\"inLanguage\":\"fr-FR\",\"@id\":\"https:\\\/\\\/lou-anne.billy.icca-reims.fr\\\/#primaryimage\",\"url\":\"https:\\\/\\\/lou-anne.billy.icca-reims.fr\\\/wp-content\\\/uploads\\\/2026\\\/04\\\/protrack-ecole-pilotage-moto-360\u00b0-logo.webp\",\"contentUrl\":\"https:\\\/\\\/lou-anne.billy.icca-reims.fr\\\/wp-content\\\/uploads\\\/2026\\\/04\\\/protrack-ecole-pilotage-moto-360\u00b0-logo.webp\",\"width\":1182,\"height\":631},{\"@type\":\"BreadcrumbList\",\"@id\":\"https:\\\/\\\/lou-anne.billy.icca-reims.fr\\\/#breadcrumb\",\"itemListElement\":[{\"@type\":\"ListItem\",\"position\":1,\"name\":\"Accueil\",\"item\":\"https:\\\/\\\/lou-anne.billy.icca-reims.fr\\\/\"},{\"@type\":\"ListItem\",\"position\":2,\"name\":\"PROTRACK\"}]},{\"@type\":\"WebSite\",\"@id\":\"https:\\\/\\\/lou-anne.billy.icca-reims.fr\\\/#website\",\"url\":\"https:\\\/\\\/lou-anne.billy.icca-reims.fr\\\/\",\"name\":\"R\u00eaves de vacances\",\"description\":\"\",\"potentialAction\":[{\"@type\":\"SearchAction\",\"target\":{\"@type\":\"EntryPoint\",\"urlTemplate\":\"https:\\\/\\\/lou-anne.billy.icca-reims.fr\\\/?s={search_term_string}\"},\"query-input\":{\"@type\":\"PropertyValueSpecification\",\"valueRequired\":true,\"valueName\":\"search_term_string\"}}],\"inLanguage\":\"fr-FR\"}]}<\/script>\n<!-- \/ Yoast SEO plugin. -->","yoast_head_json":{"title":"PROTRACK - R\u00eaves de vacances","description":"\u00c9cole de pilotage moto nouvelle g\u00e9n\u00e9ration, PROTRACK propose un accompagnement complet : technique, physique, mental et acc\u00e8s \u00e0 la comp\u00e9tition.","robots":{"index":"index","follow":"follow","max-snippet":"max-snippet:-1","max-image-preview":"max-image-preview:large","max-video-preview":"max-video-preview:-1"},"canonical":"https:\/\/lou-anne.billy.icca-reims.fr\/","og_locale":"fr_FR","og_type":"article","og_title":"PROTRACK - R\u00eaves de vacances","og_description":"\u00c9cole de pilotage moto nouvelle g\u00e9n\u00e9ration, PROTRACK propose un accompagnement complet : technique, physique, mental et acc\u00e8s \u00e0 la comp\u00e9tition.","og_url":"https:\/\/lou-anne.billy.icca-reims.fr\/","og_site_name":"R\u00eaves de vacances","article_modified_time":"2026-04-15T11:40:26+00:00","og_image":[{"width":1182,"height":631,"url":"https:\/\/lou-anne.billy.icca-reims.fr\/wp-content\/uploads\/2026\/04\/protrack-ecole-pilotage-moto-360\u00b0-logo.webp","type":"image\/webp"}],"twitter_card":"summary_large_image","twitter_misc":{"Dur\u00e9e de lecture estim\u00e9e":"2 minutes"},"schema":{"@context":"https:\/\/schema.org","@graph":[{"@type":"WebPage","@id":"https:\/\/lou-anne.billy.icca-reims.fr\/","url":"https:\/\/lou-anne.billy.icca-reims.fr\/","name":"PROTRACK - R\u00eaves de vacances","isPartOf":{"@id":"https:\/\/lou-anne.billy.icca-reims.fr\/#website"},"primaryImageOfPage":{"@id":"https:\/\/lou-anne.billy.icca-reims.fr\/#primaryimage"},"image":{"@id":"https:\/\/lou-anne.billy.icca-reims.fr\/#primaryimage"},"thumbnailUrl":"https:\/\/lou-anne.billy.icca-reims.fr\/wp-content\/uploads\/2026\/04\/protrack-ecole-pilotage-moto-360\u00b0-logo.webp","datePublished":"2026-04-07T14:00:22+00:00","dateModified":"2026-04-15T11:40:26+00:00","description":"\u00c9cole de pilotage moto nouvelle g\u00e9n\u00e9ration, PROTRACK propose un accompagnement complet : technique, physique, mental et acc\u00e8s \u00e0 la comp\u00e9tition.","breadcrumb":{"@id":"https:\/\/lou-anne.billy.icca-reims.fr\/#breadcrumb"},"inLanguage":"fr-FR","potentialAction":[{"@type":"ReadAction","target":["https:\/\/lou-anne.billy.icca-reims.fr\/"]}]},{"@type":"ImageObject","inLanguage":"fr-FR","@id":"https:\/\/lou-anne.billy.icca-reims.fr\/#primaryimage","url":"https:\/\/lou-anne.billy.icca-reims.fr\/wp-content\/uploads\/2026\/04\/protrack-ecole-pilotage-moto-360\u00b0-logo.webp","contentUrl":"https:\/\/lou-anne.billy.icca-reims.fr\/wp-content\/uploads\/2026\/04\/protrack-ecole-pilotage-moto-360\u00b0-logo.webp","width":1182,"height":631},{"@type":"BreadcrumbList","@id":"https:\/\/lou-anne.billy.icca-reims.fr\/#breadcrumb","itemListElement":[{"@type":"ListItem","position":1,"name":"Accueil","item":"https:\/\/lou-anne.billy.icca-reims.fr\/"},{"@type":"ListItem","position":2,"name":"PROTRACK"}]},{"@type":"WebSite","@id":"https:\/\/lou-anne.billy.icca-reims.fr\/#website","url":"https:\/\/lou-anne.billy.icca-reims.fr\/","name":"R\u00eaves de vacances","description":"","potentialAction":[{"@type":"SearchAction","target":{"@type":"EntryPoint","urlTemplate":"https:\/\/lou-anne.billy.icca-reims.fr\/?s={search_term_string}"},"query-input":{"@type":"PropertyValueSpecification","valueRequired":true,"valueName":"search_term_string"}}],"inLanguage":"fr-FR"}]}},"uagb_featured_image_src":{"full":["https:\/\/lou-anne.billy.icca-reims.fr\/wp-content\/uploads\/2026\/04\/protrack-ecole-pilotage-moto-360\u00b0-logo.webp",1182,631,false],"thumbnail":["https:\/\/lou-anne.billy.icca-reims.fr\/wp-content\/uploads\/2026\/04\/protrack-ecole-pilotage-moto-360\u00b0-logo-150x150.webp",150,150,true],"medium":["https:\/\/lou-anne.billy.icca-reims.fr\/wp-content\/uploads\/2026\/04\/protrack-ecole-pilotage-moto-360\u00b0-logo-300x160.webp",300,160,true],"medium_large":["https:\/\/lou-anne.billy.icca-reims.fr\/wp-content\/uploads\/2026\/04\/protrack-ecole-pilotage-moto-360\u00b0-logo-768x410.webp",768,410,true],"large":["https:\/\/lou-anne.billy.icca-reims.fr\/wp-content\/uploads\/2026\/04\/protrack-ecole-pilotage-moto-360\u00b0-logo-1024x547.webp",1024,547,true],"1536x1536":["https:\/\/lou-anne.billy.icca-reims.fr\/wp-content\/uploads\/2026\/04\/protrack-ecole-pilotage-moto-360\u00b0-logo.webp",1182,631,false],"2048x2048":["https:\/\/lou-anne.billy.icca-reims.fr\/wp-content\/uploads\/2026\/04\/protrack-ecole-pilotage-moto-360\u00b0-logo.webp",1182,631,false]},"uagb_author_info":{"display_name":"admin","author_link":"https:\/\/lou-anne.billy.icca-reims.fr\/?author=1"},"uagb_comment_info":0,"uagb_excerpt":"PROTRACK \u00c9cole de pilotage moto 360\u00b0 This is an example page. It&rsquo;s different from a blog post because it will stay in one place and will show up in your site navigation (in most themes). Most people start with an About page that introduces them to potential site visitors. It might say something like this:\u2026","_links":{"self":[{"href":"https:\/\/lou-anne.billy.icca-reims.fr\/index.php?rest_route=\/wp\/v2\/pages\/2","targetHints":{"allow":["GET"]}}],"collection":[{"href":"https:\/\/lou-anne.billy.icca-reims.fr\/index.php?rest_route=\/wp\/v2\/pages"}],"about":[{"href":"https:\/\/lou-anne.billy.icca-reims.fr\/index.php?rest_route=\/wp\/v2\/types\/page"}],"author":[{"embeddable":true,"href":"https:\/\/lou-anne.billy.icca-reims.fr\/index.php?rest_route=\/wp\/v2\/users\/1"}],"replies":[{"embeddable":true,"href":"https:\/\/lou-anne.billy.icca-reims.fr\/index.php?rest_route=%2Fwp%2Fv2%2Fcomments&post=2"}],"version-history":[{"count":3,"href":"https:\/\/lou-anne.billy.icca-reims.fr\/index.php?rest_route=\/wp\/v2\/pages\/2\/revisions"}],"predecessor-version":[{"id":16,"href":"https:\/\/lou-anne.billy.icca-reims.fr\/index.php?rest_route=\/wp\/v2\/pages\/2\/revisions\/16"}],"wp:featuredmedia":[{"embeddable":true,"href":"https:\/\/lou-anne.billy.icca-reims.fr\/index.php?rest_route=\/wp\/v2\/media\/12"}],"wp:attachment":[{"href":"https:\/\/lou-anne.billy.icca-reims.fr\/index.php?rest_route=%2Fwp%2Fv2%2Fmedia&parent=2"}],"curies":[{"name":"wp","href":"https:\/\/api.w.org\/{rel}","templated":true}]}}